{"id":19,"date":"2021-03-12T12:59:04","date_gmt":"2021-03-12T12:59:04","guid":{"rendered":"https:\/\/www.promens.ee\/?page_id=19"},"modified":"2026-01-26T16:07:12","modified_gmt":"2026-01-26T14:07:12","slug":"toopakkumised","status":"publish","type":"page","link":"https:\/\/www.promens.ee\/en\/toopakkumised\/","title":{"rendered":"Job Offers"},"content":{"rendered":"<div data-elementor-type=\"wp-page\" data-elementor-id=\"19\" class=\"elementor elementor-19\" data-elementor-post-type=\"page\">\n\t\t\t\t\t\t<section class=\"elementor-section elementor-top-section elementor-element elementor-element-7d17171d elementor-section-content-middle elementor-section-boxed elementor-section-height-default elementor-section-height-default\" data-id=\"7d17171d\" data-element_type=\"section\">\n\t\t\t\t\t\t<div class=\"elementor-container elementor-column-gap-no\">\n\t\t\t\t\t<div class=\"elementor-column elementor-col-100 elementor-top-column elementor-element elementor-element-2ac16116\" data-id=\"2ac16116\" data-element_type=\"column\">\n\t\t\t<div class=\"elementor-widget-wrap elementor-element-populated\">\n\t\t\t\t\t\t<div class=\"elementor-element elementor-element-b90cdcb elementor-widget elementor-widget-heading\" data-id=\"b90cdcb\" data-element_type=\"widget\" data-widget_type=\"heading.default\">\n\t\t\t\t<div class=\"elementor-widget-container\">\n\t\t\t\t\t<h4 class=\"elementor-heading-title elementor-size-default\">Alusta t\u00f6\u00f6d rahvusvahelises ettev\u00f5ttes!<\/h4>\t\t\t\t<\/div>\n\t\t\t\t<\/div>\n\t\t\t\t<div class=\"elementor-element elementor-element-731f9798 elementor-widget elementor-widget-text-editor\" data-id=\"731f9798\" data-element_type=\"widget\" data-widget_type=\"text-editor.default\">\n\t\t\t\t<div class=\"elementor-widget-container\">\n\t\t\t\t\t\t\t\t\t<p>Promens R\u00f5ngu AS ootab Sind kandideerima j\u00e4rgnevatele ametikohtadele. Meiega koos v\u00e4\u00e4rtustad tervislike eluviise, meeskonnat\u00f6\u00f6d ja korrektsust.&nbsp;<\/p>\n<p><span style=\"font-size: 16px;\">Lisaks ootab Sind vajadusel ka t\u00f6\u00f6andja poolt korraldatud transport Valga &#8211; R\u00f5ngu, T\u00f5rva -R\u00f5ngu ja Rannu-R\u00f5ngu piirkonnast.&nbsp;<\/span><\/p>\n<p><span style=\"font-size: 16px;\">Sinu j\u00e4rgmine samm karj\u00e4\u00e4ris algab siin- SAPA ootab Sind!<\/span><\/p>\t\t\t\t\t\t\t\t<\/div>\n\t\t\t\t<\/div>\n\t\t\t\t\t<\/div>\n\t\t<\/div>\n\t\t\t\t\t<\/div>\n\t\t<\/section>\n\t\t<div class=\"elementor-element elementor-element-26591e8 e-flex e-con-boxed e-con e-parent\" data-id=\"26591e8\" data-element_type=\"container\">\n\t\t\t\t\t<div class=\"e-con-inner\">\n\t\t\t\t<div class=\"elementor-element elementor-element-fffd90f elementor-headline--style-highlight elementor-widget elementor-widget-animated-headline\" data-id=\"fffd90f\" data-element_type=\"widget\" data-settings=\"{&quot;marker&quot;:&quot;double&quot;,&quot;headline_style&quot;:&quot;highlight&quot;,&quot;highlight_animation_duration&quot;:1200}\" data-widget_type=\"animated-headline.default\">\n\t\t\t\t<div class=\"elementor-widget-container\">\n\t\t\t\t\t\t\t<h3 class=\"elementor-headline\">\n\t\t\t\t\t<span class=\"elementor-headline-plain-text elementor-headline-text-wrapper\">AKTIIVSED T\u00d6\u00d6KUULUTUSED<\/span>\n\t\t\t\t<span class=\"elementor-headline-dynamic-wrapper elementor-headline-text-wrapper\">\n\t\t\t\t<\/span>\n\t\t\t\t<\/h3>\n\t\t\t\t\t\t<\/div>\n\t\t\t\t<\/div>\n\t\t\t\t<div class=\"elementor-element elementor-element-9789843 elementor-widget elementor-widget-gallery\" data-id=\"9789843\" data-element_type=\"widget\" data-settings=\"{&quot;lazyload&quot;:&quot;yes&quot;,&quot;gallery_layout&quot;:&quot;grid&quot;,&quot;columns&quot;:4,&quot;columns_tablet&quot;:2,&quot;columns_mobile&quot;:1,&quot;gap&quot;:{&quot;unit&quot;:&quot;px&quot;,&quot;size&quot;:10,&quot;sizes&quot;:[]},&quot;gap_tablet&quot;:{&quot;unit&quot;:&quot;px&quot;,&quot;size&quot;:10,&quot;sizes&quot;:[]},&quot;gap_mobile&quot;:{&quot;unit&quot;:&quot;px&quot;,&quot;size&quot;:10,&quot;sizes&quot;:[]},&quot;link_to&quot;:&quot;file&quot;,&quot;aspect_ratio&quot;:&quot;3:2&quot;,&quot;overlay_background&quot;:&quot;yes&quot;,&quot;content_hover_animation&quot;:&quot;fade-in&quot;}\" data-widget_type=\"gallery.default\">\n\t\t\t\t<div class=\"elementor-widget-container\">\n\t\t\t\t\t\t\t<div class=\"elementor-gallery__container\">\n\t\t\t\t\t\t\t<a class=\"e-gallery-item elementor-gallery-item elementor-animated-content\" href=\"https:\/\/www.promens.ee\/wp-content\/uploads\/2025\/09\/koosteseadmete-tehnik-printimiseks.png\" data-elementor-open-lightbox=\"yes\" data-elementor-lightbox-slideshow=\"9789843\" data-elementor-lightbox-title=\"koosteseadmete tehnik printimiseks\" data-e-action-hash=\"#elementor-action%3Aaction%3Dlightbox%26settings%3DeyJpZCI6MTY4NSwidXJsIjoiaHR0cHM6XC9cL3d3dy5wcm9tZW5zLmVlXC93cC1jb250ZW50XC91cGxvYWRzXC8yMDI1XC8wOVwva29vc3Rlc2VhZG1ldGUtdGVobmlrLXByaW50aW1pc2Vrcy5wbmciLCJzbGlkZXNob3ciOiI5Nzg5ODQzIn0%3D\">\n\t\t\t\t\t<div class=\"e-gallery-image elementor-gallery-item__image\" data-thumbnail=\"https:\/\/www.promens.ee\/wp-content\/uploads\/2025\/09\/koosteseadmete-tehnik-printimiseks-212x300.png\" data-width=\"212\" data-height=\"300\" aria-label=\"\" role=\"img\" ><\/div>\n\t\t\t\t\t\t\t\t\t\t\t<div class=\"elementor-gallery-item__overlay\"><\/div>\n\t\t\t\t\t\t\t\t\t\t\t\t\t\t<\/a>\n\t\t\t\t\t\t\t<a class=\"e-gallery-item elementor-gallery-item elementor-animated-content\" href=\"https:\/\/www.promens.ee\/wp-content\/uploads\/2025\/09\/transporditooline-kuulutus-1-1.png\" data-elementor-open-lightbox=\"yes\" data-elementor-lightbox-slideshow=\"9789843\" data-elementor-lightbox-title=\"transpordit\u00f6\u00f6line kuulutus (1)\" data-e-action-hash=\"#elementor-action%3Aaction%3Dlightbox%26settings%3DeyJpZCI6MTY4MiwidXJsIjoiaHR0cHM6XC9cL3d3dy5wcm9tZW5zLmVlXC93cC1jb250ZW50XC91cGxvYWRzXC8yMDI1XC8wOVwvdHJhbnNwb3JkaXRvb2xpbmUta3V1bHV0dXMtMS0xLnBuZyIsInNsaWRlc2hvdyI6Ijk3ODk4NDMifQ%3D%3D\">\n\t\t\t\t\t<div class=\"e-gallery-image elementor-gallery-item__image\" data-thumbnail=\"https:\/\/www.promens.ee\/wp-content\/uploads\/2025\/09\/transporditooline-kuulutus-1-1-212x300.png\" data-width=\"212\" data-height=\"300\" aria-label=\"\" role=\"img\" ><\/div>\n\t\t\t\t\t\t\t\t\t\t\t<div class=\"elementor-gallery-item__overlay\"><\/div>\n\t\t\t\t\t\t\t\t\t\t\t\t\t\t<\/a>\n\t\t\t\t\t\t\t<a class=\"e-gallery-item elementor-gallery-item elementor-animated-content\" href=\"https:\/\/www.promens.ee\/wp-content\/uploads\/2025\/09\/protsessitehnik-uus-versioon-1.png\" data-elementor-open-lightbox=\"yes\" data-elementor-lightbox-slideshow=\"9789843\" data-elementor-lightbox-title=\"protsessitehnik uus versioon\" data-e-action-hash=\"#elementor-action%3Aaction%3Dlightbox%26settings%3DeyJpZCI6MTY4MCwidXJsIjoiaHR0cHM6XC9cL3d3dy5wcm9tZW5zLmVlXC93cC1jb250ZW50XC91cGxvYWRzXC8yMDI1XC8wOVwvcHJvdHNlc3NpdGVobmlrLXV1cy12ZXJzaW9vbi0xLnBuZyIsInNsaWRlc2hvdyI6Ijk3ODk4NDMifQ%3D%3D\">\n\t\t\t\t\t<div class=\"e-gallery-image elementor-gallery-item__image\" data-thumbnail=\"https:\/\/www.promens.ee\/wp-content\/uploads\/2025\/09\/protsessitehnik-uus-versioon-1-180x300.png\" data-width=\"180\" data-height=\"300\" aria-label=\"\" role=\"img\" ><\/div>\n\t\t\t\t\t\t\t\t\t\t\t<div class=\"elementor-gallery-item__overlay\"><\/div>\n\t\t\t\t\t\t\t\t\t\t\t\t\t\t<\/a>\n\t\t\t\t\t\t\t<a class=\"e-gallery-item elementor-gallery-item elementor-animated-content\" href=\"https:\/\/www.promens.ee\/wp-content\/uploads\/2026\/01\/tostukijuht-laadija-2026.png\" data-elementor-open-lightbox=\"yes\" data-elementor-lightbox-slideshow=\"9789843\" data-elementor-lightbox-title=\"t\u00f5stukijuht-laadija 2026\" data-e-action-hash=\"#elementor-action%3Aaction%3Dlightbox%26settings%3DeyJpZCI6MTczMCwidXJsIjoiaHR0cHM6XC9cL3d3dy5wcm9tZW5zLmVlXC93cC1jb250ZW50XC91cGxvYWRzXC8yMDI2XC8wMVwvdG9zdHVraWp1aHQtbGFhZGlqYS0yMDI2LnBuZyIsInNsaWRlc2hvdyI6Ijk3ODk4NDMifQ%3D%3D\">\n\t\t\t\t\t<div class=\"e-gallery-image elementor-gallery-item__image\" data-thumbnail=\"https:\/\/www.promens.ee\/wp-content\/uploads\/2026\/01\/tostukijuht-laadija-2026-180x300.png\" data-width=\"180\" data-height=\"300\" aria-label=\"\" role=\"img\" ><\/div>\n\t\t\t\t\t\t\t\t\t\t\t<div class=\"elementor-gallery-item__overlay\"><\/div>\n\t\t\t\t\t\t\t\t\t\t\t\t\t\t<\/a>\n\t\t\t\t\t\t\t<a class=\"e-gallery-item elementor-gallery-item elementor-animated-content\" href=\"https:\/\/www.promens.ee\/wp-content\/uploads\/2026\/01\/tootmiskeskkonna-tehnik.png\" data-elementor-open-lightbox=\"yes\" data-elementor-lightbox-slideshow=\"9789843\" data-elementor-lightbox-title=\"tootmiskeskkonna tehnik\" data-e-action-hash=\"#elementor-action%3Aaction%3Dlightbox%26settings%3DeyJpZCI6MTczMSwidXJsIjoiaHR0cHM6XC9cL3d3dy5wcm9tZW5zLmVlXC93cC1jb250ZW50XC91cGxvYWRzXC8yMDI2XC8wMVwvdG9vdG1pc2tlc2trb25uYS10ZWhuaWsucG5nIiwic2xpZGVzaG93IjoiOTc4OTg0MyJ9\">\n\t\t\t\t\t<div class=\"e-gallery-image elementor-gallery-item__image\" data-thumbnail=\"https:\/\/www.promens.ee\/wp-content\/uploads\/2026\/01\/tootmiskeskkonna-tehnik-212x300.png\" data-width=\"212\" data-height=\"300\" aria-label=\"\" role=\"img\" ><\/div>\n\t\t\t\t\t\t\t\t\t\t\t<div class=\"elementor-gallery-item__overlay\"><\/div>\n\t\t\t\t\t\t\t\t\t\t\t\t\t\t<\/a>\n\t\t\t\t\t\t\t<a class=\"e-gallery-item elementor-gallery-item elementor-animated-content\" href=\"https:\/\/www.promens.ee\/wp-content\/uploads\/2026\/01\/operaator-dets-2025-1.png\" data-elementor-open-lightbox=\"yes\" data-elementor-lightbox-slideshow=\"9789843\" data-elementor-lightbox-title=\"operaator dets 2025 (1)\" data-e-action-hash=\"#elementor-action%3Aaction%3Dlightbox%26settings%3DeyJpZCI6MTczMiwidXJsIjoiaHR0cHM6XC9cL3d3dy5wcm9tZW5zLmVlXC93cC1jb250ZW50XC91cGxvYWRzXC8yMDI2XC8wMVwvb3BlcmFhdG9yLWRldHMtMjAyNS0xLnBuZyIsInNsaWRlc2hvdyI6Ijk3ODk4NDMifQ%3D%3D\">\n\t\t\t\t\t<div class=\"e-gallery-image elementor-gallery-item__image\" data-thumbnail=\"https:\/\/www.promens.ee\/wp-content\/uploads\/2026\/01\/operaator-dets-2025-1-212x300.png\" data-width=\"212\" data-height=\"300\" aria-label=\"\" role=\"img\" ><\/div>\n\t\t\t\t\t\t\t\t\t\t\t<div class=\"elementor-gallery-item__overlay\"><\/div>\n\t\t\t\t\t\t\t\t\t\t\t\t\t\t<\/a>\n\t\t\t\t\t<\/div>\n\t\t\t\t\t<\/div>\n\t\t\t\t<\/div>\n\t\t\t\t\t<\/div>\n\t\t\t\t<\/div>\n\t\t\t\t<\/div>","protected":false},"excerpt":{"rendered":"<p>Alusta t\u00f6\u00f6d rahvusvahelises ettev\u00f5ttes! Promens R\u00f5ngu AS ootab Sind kandideerima j\u00e4rgnevatele ametikohtadele. Meiega koos v\u00e4\u00e4rtustad tervislike eluviise, meeskonnat\u00f6\u00f6d ja korrektsust.&nbsp; Lisaks ootab Sind vajadusel ka t\u00f6\u00f6andja poolt korraldatud transport Valga &#8211; R\u00f5ngu, T\u00f5rva -R\u00f5ngu ja Rannu-R\u00f5ngu piirkonnast.&nbsp; Sinu j\u00e4rgmine samm karj\u00e4\u00e4ris algab siin- SAPA ootab Sind! AKTIIVSED T\u00d6\u00d6KUULUTUSED<\/p>","protected":false},"author":1,"featured_media":0,"parent":0,"menu_order":0,"comment_status":"closed","ping_status":"closed","template":"","meta":{"ocean_post_layout":"","ocean_both_sidebars_style":"","ocean_both_sidebars_content_width":0,"ocean_both_sidebars_sidebars_width":0,"ocean_sidebar":"0","ocean_second_sidebar":"0","ocean_disable_margins":"enable","ocean_add_body_class":"","ocean_shortcode_before_top_bar":"","ocean_shortcode_after_top_bar":"","ocean_shortcode_before_header":"","ocean_shortcode_after_header":"","ocean_has_shortcode":"","ocean_shortcode_after_title":"","ocean_shortcode_before_footer_widgets":"","ocean_shortcode_after_footer_widgets":"","ocean_shortcode_before_footer_bottom":"","ocean_shortcode_after_footer_bottom":"","ocean_display_top_bar":"default","ocean_display_header":"default","ocean_header_style":"","ocean_center_header_left_menu":"0","ocean_custom_header_template":"0","ocean_custom_logo":0,"ocean_custom_retina_logo":0,"ocean_custom_logo_max_width":0,"ocean_custom_logo_tablet_max_width":0,"ocean_custom_logo_mobile_max_width":0,"ocean_custom_logo_max_height":0,"ocean_custom_logo_tablet_max_height":0,"ocean_custom_logo_mobile_max_height":0,"ocean_header_custom_menu":"0","ocean_menu_typo_font_family":"0","ocean_menu_typo_font_subset":"","ocean_menu_typo_font_size":0,"ocean_menu_typo_font_size_tablet":0,"ocean_menu_typo_font_size_mobile":0,"ocean_menu_typo_font_size_unit":"px","ocean_menu_typo_font_weight":"","ocean_menu_typo_font_weight_tablet":"","ocean_menu_typo_font_weight_mobile":"","ocean_menu_typo_transform":"","ocean_menu_typo_transform_tablet":"","ocean_menu_typo_transform_mobile":"","ocean_menu_typo_line_height":0,"ocean_menu_typo_line_height_tablet":0,"ocean_menu_typo_line_height_mobile":0,"ocean_menu_typo_line_height_unit":"","ocean_menu_typo_spacing":0,"ocean_menu_typo_spacing_tablet":0,"ocean_menu_typo_spacing_mobile":0,"ocean_menu_typo_spacing_unit":"","ocean_menu_link_color":"","ocean_menu_link_color_hover":"","ocean_menu_link_color_active":"","ocean_menu_link_background":"","ocean_menu_link_hover_background":"","ocean_menu_link_active_background":"","ocean_menu_social_links_bg":"","ocean_menu_social_hover_links_bg":"","ocean_menu_social_links_color":"","ocean_menu_social_hover_links_color":"","ocean_disable_title":"default","ocean_disable_heading":"default","ocean_post_title":"","ocean_post_subheading":"","ocean_post_title_style":"","ocean_post_title_background_color":"","ocean_post_title_background":0,"ocean_post_title_bg_image_position":"","ocean_post_title_bg_image_attachment":"","ocean_post_title_bg_image_repeat":"","ocean_post_title_bg_image_size":"","ocean_post_title_height":0,"ocean_post_title_bg_overlay":0.5,"ocean_post_title_bg_overlay_color":"","ocean_disable_breadcrumbs":"default","ocean_breadcrumbs_color":"","ocean_breadcrumbs_separator_color":"","ocean_breadcrumbs_links_color":"","ocean_breadcrumbs_links_hover_color":"","ocean_display_footer_widgets":"default","ocean_display_footer_bottom":"default","ocean_custom_footer_template":"0","footnotes":""},"class_list":["post-19","page","type-page","status-publish","hentry","entry","owp-thumbs-layout-horizontal","owp-btn-normal","owp-tabs-layout-horizontal","has-no-thumbnails","has-product-nav"],"yoast_head":"<!-- This site is optimized with the Yoast SEO plugin v25.6 - https:\/\/yoast.com\/wordpress\/plugins\/seo\/ -->\n<title>T\u00f6\u00f6pakkumised &#8226; Promens R\u00f5ngu AS<\/title>\n<meta name=\"robots\" content=\"index, follow, max-snippet:-1, max-image-preview:large, max-video-preview:-1\" \/>\n<link rel=\"canonical\" href=\"https:\/\/www.promens.ee\/en\/toopakkumised\/\" \/>\n<meta property=\"og:locale\" content=\"en_US\" \/>\n<meta property=\"og:type\" content=\"article\" \/>\n<meta property=\"og:title\" content=\"T\u00f6\u00f6pakkumised &#8226; Promens R\u00f5ngu AS\" \/>\n<meta property=\"og:description\" content=\"Alusta t\u00f6\u00f6d rahvusvahelises ettev\u00f5ttes! Promens R\u00f5ngu AS ootab Sind kandideerima j\u00e4rgnevatele ametikohtadele. Meiega koos v\u00e4\u00e4rtustad tervislike eluviise, meeskonnat\u00f6\u00f6d ja korrektsust.&nbsp; Lisaks ootab Sind vajadusel ka t\u00f6\u00f6andja poolt korraldatud transport Valga &#8211; R\u00f5ngu, T\u00f5rva -R\u00f5ngu ja Rannu-R\u00f5ngu piirkonnast.&nbsp; Sinu j\u00e4rgmine samm karj\u00e4\u00e4ris algab siin- SAPA ootab Sind! AKTIIVSED T\u00d6\u00d6KUULUTUSED\" \/>\n<meta property=\"og:url\" content=\"https:\/\/www.promens.ee\/en\/toopakkumised\/\" \/>\n<meta property=\"og:site_name\" content=\"Promens R\u00f5ngu AS\" \/>\n<meta property=\"article:publisher\" content=\"https:\/\/www.facebook.com\/promens.rongu\" \/>\n<meta property=\"article:modified_time\" content=\"2026-01-26T14:07:12+00:00\" \/>\n<meta name=\"twitter:card\" content=\"summary_large_image\" \/>\n<meta name=\"twitter:label1\" content=\"Est. reading time\" \/>\n\t<meta name=\"twitter:data1\" content=\"1 minute\" \/>\n<script type=\"application\/ld+json\" class=\"yoast-schema-graph\">{\"@context\":\"https:\/\/schema.org\",\"@graph\":[{\"@type\":\"WebPage\",\"@id\":\"https:\/\/www.promens.ee\/toopakkumised\/\",\"url\":\"https:\/\/www.promens.ee\/toopakkumised\/\",\"name\":\"T\u00f6\u00f6pakkumised &#8226; Promens R\u00f5ngu AS\",\"isPartOf\":{\"@id\":\"https:\/\/www.promens.ee\/et\/#website\"},\"datePublished\":\"2021-03-12T12:59:04+00:00\",\"dateModified\":\"2026-01-26T14:07:12+00:00\",\"breadcrumb\":{\"@id\":\"https:\/\/www.promens.ee\/toopakkumised\/#breadcrumb\"},\"inLanguage\":\"en-US\",\"potentialAction\":[{\"@type\":\"ReadAction\",\"target\":[\"https:\/\/www.promens.ee\/toopakkumised\/\"]}]},{\"@type\":\"BreadcrumbList\",\"@id\":\"https:\/\/www.promens.ee\/toopakkumised\/#breadcrumb\",\"itemListElement\":[{\"@type\":\"ListItem\",\"position\":1,\"name\":\"Home\",\"item\":\"https:\/\/www.promens.ee\/et\/\"},{\"@type\":\"ListItem\",\"position\":2,\"name\":\"T\u00f6\u00f6pakkumised\"}]},{\"@type\":\"WebSite\",\"@id\":\"https:\/\/www.promens.ee\/et\/#website\",\"url\":\"https:\/\/www.promens.ee\/et\/\",\"name\":\"Promens AS\",\"description\":\"Eesti \u00fcks suurim plastit\u00f6\u00f6stus\",\"publisher\":{\"@id\":\"https:\/\/www.promens.ee\/et\/#organization\"},\"potentialAction\":[{\"@type\":\"SearchAction\",\"target\":{\"@type\":\"EntryPoint\",\"urlTemplate\":\"https:\/\/www.promens.ee\/et\/?s={search_term_string}\"},\"query-input\":{\"@type\":\"PropertyValueSpecification\",\"valueRequired\":true,\"valueName\":\"search_term_string\"}}],\"inLanguage\":\"en-US\"},{\"@type\":\"Organization\",\"@id\":\"https:\/\/www.promens.ee\/et\/#organization\",\"name\":\"Promens AS\",\"url\":\"https:\/\/www.promens.ee\/et\/\",\"logo\":{\"@type\":\"ImageObject\",\"inLanguage\":\"en-US\",\"@id\":\"https:\/\/www.promens.ee\/et\/#\/schema\/logo\/image\/\",\"url\":\"https:\/\/www.promens.ee\/wp-content\/uploads\/2021\/03\/berry-promens-logo-web.png\",\"contentUrl\":\"https:\/\/www.promens.ee\/wp-content\/uploads\/2021\/03\/berry-promens-logo-web.png\",\"width\":244,\"height\":80,\"caption\":\"Promens AS\"},\"image\":{\"@id\":\"https:\/\/www.promens.ee\/et\/#\/schema\/logo\/image\/\"},\"sameAs\":[\"https:\/\/www.facebook.com\/promens.rongu\",\"https:\/\/ee.linkedin.com\/company\/promens-rongu\"]}]}<\/script>\n<!-- \/ Yoast SEO plugin. -->","yoast_head_json":{"title":"T\u00f6\u00f6pakkumised &#8226; Promens R\u00f5ngu AS","robots":{"index":"index","follow":"follow","max-snippet":"max-snippet:-1","max-image-preview":"max-image-preview:large","max-video-preview":"max-video-preview:-1"},"canonical":"https:\/\/www.promens.ee\/en\/toopakkumised\/","og_locale":"en_US","og_type":"article","og_title":"T\u00f6\u00f6pakkumised &#8226; Promens R\u00f5ngu AS","og_description":"Alusta t\u00f6\u00f6d rahvusvahelises ettev\u00f5ttes! Promens R\u00f5ngu AS ootab Sind kandideerima j\u00e4rgnevatele ametikohtadele. Meiega koos v\u00e4\u00e4rtustad tervislike eluviise, meeskonnat\u00f6\u00f6d ja korrektsust.&nbsp; Lisaks ootab Sind vajadusel ka t\u00f6\u00f6andja poolt korraldatud transport Valga &#8211; R\u00f5ngu, T\u00f5rva -R\u00f5ngu ja Rannu-R\u00f5ngu piirkonnast.&nbsp; Sinu j\u00e4rgmine samm karj\u00e4\u00e4ris algab siin- SAPA ootab Sind! AKTIIVSED T\u00d6\u00d6KUULUTUSED","og_url":"https:\/\/www.promens.ee\/en\/toopakkumised\/","og_site_name":"Promens R\u00f5ngu AS","article_publisher":"https:\/\/www.facebook.com\/promens.rongu","article_modified_time":"2026-01-26T14:07:12+00:00","twitter_card":"summary_large_image","twitter_misc":{"Est. reading time":"1 minute"},"schema":{"@context":"https:\/\/schema.org","@graph":[{"@type":"WebPage","@id":"https:\/\/www.promens.ee\/toopakkumised\/","url":"https:\/\/www.promens.ee\/toopakkumised\/","name":"T\u00f6\u00f6pakkumised &#8226; Promens R\u00f5ngu AS","isPartOf":{"@id":"https:\/\/www.promens.ee\/et\/#website"},"datePublished":"2021-03-12T12:59:04+00:00","dateModified":"2026-01-26T14:07:12+00:00","breadcrumb":{"@id":"https:\/\/www.promens.ee\/toopakkumised\/#breadcrumb"},"inLanguage":"en-US","potentialAction":[{"@type":"ReadAction","target":["https:\/\/www.promens.ee\/toopakkumised\/"]}]},{"@type":"BreadcrumbList","@id":"https:\/\/www.promens.ee\/toopakkumised\/#breadcrumb","itemListElement":[{"@type":"ListItem","position":1,"name":"Home","item":"https:\/\/www.promens.ee\/et\/"},{"@type":"ListItem","position":2,"name":"T\u00f6\u00f6pakkumised"}]},{"@type":"WebSite","@id":"https:\/\/www.promens.ee\/et\/#website","url":"https:\/\/www.promens.ee\/et\/","name":"Promens AS","description":"Eesti \u00fcks suurim plastit\u00f6\u00f6stus","publisher":{"@id":"https:\/\/www.promens.ee\/et\/#organization"},"potentialAction":[{"@type":"SearchAction","target":{"@type":"EntryPoint","urlTemplate":"https:\/\/www.promens.ee\/et\/?s={search_term_string}"},"query-input":{"@type":"PropertyValueSpecification","valueRequired":true,"valueName":"search_term_string"}}],"inLanguage":"en-US"},{"@type":"Organization","@id":"https:\/\/www.promens.ee\/et\/#organization","name":"Promens AS","url":"https:\/\/www.promens.ee\/et\/","logo":{"@type":"ImageObject","inLanguage":"en-US","@id":"https:\/\/www.promens.ee\/et\/#\/schema\/logo\/image\/","url":"https:\/\/www.promens.ee\/wp-content\/uploads\/2021\/03\/berry-promens-logo-web.png","contentUrl":"https:\/\/www.promens.ee\/wp-content\/uploads\/2021\/03\/berry-promens-logo-web.png","width":244,"height":80,"caption":"Promens AS"},"image":{"@id":"https:\/\/www.promens.ee\/et\/#\/schema\/logo\/image\/"},"sameAs":["https:\/\/www.facebook.com\/promens.rongu","https:\/\/ee.linkedin.com\/company\/promens-rongu"]}]}},"_links":{"self":[{"href":"https:\/\/www.promens.ee\/en\/wp-json\/wp\/v2\/pages\/19","targetHints":{"allow":["GET"]}}],"collection":[{"href":"https:\/\/www.promens.ee\/en\/wp-json\/wp\/v2\/pages"}],"about":[{"href":"https:\/\/www.promens.ee\/en\/wp-json\/wp\/v2\/types\/page"}],"author":[{"embeddable":true,"href":"https:\/\/www.promens.ee\/en\/wp-json\/wp\/v2\/users\/1"}],"replies":[{"embeddable":true,"href":"https:\/\/www.promens.ee\/en\/wp-json\/wp\/v2\/comments?post=19"}],"version-history":[{"count":0,"href":"https:\/\/www.promens.ee\/en\/wp-json\/wp\/v2\/pages\/19\/revisions"}],"wp:attachment":[{"href":"https:\/\/www.promens.ee\/en\/wp-json\/wp\/v2\/media?parent=19"}],"curies":[{"name":"wp","href":"https:\/\/api.w.org\/{rel}","templated":true}]}}