{"id":452,"date":"2021-03-26T07:30:10","date_gmt":"2021-03-26T07:30:10","guid":{"rendered":"https:\/\/www.promens.ee\/enquiry-cart\/"},"modified":"2021-04-19T07:50:55","modified_gmt":"2021-04-19T07:50:55","slug":"enquiry-cart","status":"publish","type":"page","link":"https:\/\/www.promens.ee\/en\/enquiry-cart\/","title":{"rendered":"Enquiry Cart"},"content":{"rendered":"<div data-elementor-type=\"wp-page\" data-elementor-id=\"452\" class=\"elementor elementor-452\" data-elementor-post-type=\"page\">\n\t\t\t\t\t\t<section class=\"elementor-section elementor-top-section elementor-element elementor-element-3297a1e8 elementor-section-boxed elementor-section-height-default elementor-section-height-default\" data-id=\"3297a1e8\" data-element_type=\"section\">\n\t\t\t\t\t\t<div class=\"elementor-container elementor-column-gap-default\">\n\t\t\t\t\t<div class=\"elementor-column elementor-col-100 elementor-top-column elementor-element elementor-element-3bd43785\" data-id=\"3bd43785\" data-element_type=\"column\">\n\t\t\t<div class=\"elementor-widget-wrap elementor-element-populated\">\n\t\t\t\t\t\t<div class=\"elementor-element elementor-element-77219add elementor-widget elementor-widget-text-editor\" data-id=\"77219add\" data-element_type=\"widget\" data-widget_type=\"text-editor.default\">\n\t\t\t\t<div class=\"elementor-widget-container\">\n\t\t\t\t\t\t\t\t\t<p><em><div class=\"woocommerce ywraq-wrapper\">\n\t<div id=\"yith-ywraq-message\"><\/div>\n\t<div class=\"ywraq-form-table-wrapper\">\n\t\t\t<p>No products in list<\/p>\n\n\t\t\t<\/div>\n<\/div>\n<\/em><br><\/p>\t\t\t\t\t\t\t\t<\/div>\n\t\t\t\t<\/div>\n\t\t\t\t\t<\/div>\n\t\t<\/div>\n\t\t\t\t\t<\/div>\n\t\t<\/section>\n\t\t\t\t<\/div>","protected":false},"excerpt":{"rendered":"","protected":false},"author":1,"featured_media":0,"parent":0,"menu_order":0,"comment_status":"closed","ping_status":"closed","template":"","meta":{"ocean_post_layout":"","ocean_both_sidebars_style":"","ocean_both_sidebars_content_width":0,"ocean_both_sidebars_sidebars_width":0,"ocean_sidebar":"0","ocean_second_sidebar":"0","ocean_disable_margins":"enable","ocean_add_body_class":"","ocean_shortcode_before_top_bar":"","ocean_shortcode_after_top_bar":"","ocean_shortcode_before_header":"","ocean_shortcode_after_header":"","ocean_has_shortcode":"","ocean_shortcode_after_title":"","ocean_shortcode_before_footer_widgets":"","ocean_shortcode_after_footer_widgets":"","ocean_shortcode_before_footer_bottom":"","ocean_shortcode_after_footer_bottom":"","ocean_display_top_bar":"default","ocean_display_header":"default","ocean_header_style":"","ocean_center_header_left_menu":"0","ocean_custom_header_template":"0","ocean_custom_logo":0,"ocean_custom_retina_logo":0,"ocean_custom_logo_max_width":0,"ocean_custom_logo_tablet_max_width":0,"ocean_custom_logo_mobile_max_width":0,"ocean_custom_logo_max_height":0,"ocean_custom_logo_tablet_max_height":0,"ocean_custom_logo_mobile_max_height":0,"ocean_header_custom_menu":"0","ocean_menu_typo_font_family":"0","ocean_menu_typo_font_subset":"","ocean_menu_typo_font_size":0,"ocean_menu_typo_font_size_tablet":0,"ocean_menu_typo_font_size_mobile":0,"ocean_menu_typo_font_size_unit":"px","ocean_menu_typo_font_weight":"","ocean_menu_typo_font_weight_tablet":"","ocean_menu_typo_font_weight_mobile":"","ocean_menu_typo_transform":"","ocean_menu_typo_transform_tablet":"","ocean_menu_typo_transform_mobile":"","ocean_menu_typo_line_height":0,"ocean_menu_typo_line_height_tablet":0,"ocean_menu_typo_line_height_mobile":0,"ocean_menu_typo_line_height_unit":"","ocean_menu_typo_spacing":0,"ocean_menu_typo_spacing_tablet":0,"ocean_menu_typo_spacing_mobile":0,"ocean_menu_typo_spacing_unit":"","ocean_menu_link_color":"","ocean_menu_link_color_hover":"","ocean_menu_link_color_active":"","ocean_menu_link_background":"","ocean_menu_link_hover_background":"","ocean_menu_link_active_background":"","ocean_menu_social_links_bg":"","ocean_menu_social_hover_links_bg":"","ocean_menu_social_links_color":"","ocean_menu_social_hover_links_color":"","ocean_disable_title":"default","ocean_disable_heading":"default","ocean_post_title":"","ocean_post_subheading":"","ocean_post_title_style":"","ocean_post_title_background_color":"","ocean_post_title_background":0,"ocean_post_title_bg_image_position":"","ocean_post_title_bg_image_attachment":"","ocean_post_title_bg_image_repeat":"","ocean_post_title_bg_image_size":"","ocean_post_title_height":0,"ocean_post_title_bg_overlay":0.5,"ocean_post_title_bg_overlay_color":"","ocean_disable_breadcrumbs":"default","ocean_breadcrumbs_color":"","ocean_breadcrumbs_separator_color":"","ocean_breadcrumbs_links_color":"","ocean_breadcrumbs_links_hover_color":"","ocean_display_footer_widgets":"default","ocean_display_footer_bottom":"default","ocean_custom_footer_template":"0","footnotes":""},"class_list":["post-452","page","type-page","status-publish","hentry","entry","owp-thumbs-layout-horizontal","owp-btn-normal","owp-tabs-layout-horizontal","has-no-thumbnails","has-product-nav"],"yoast_head":"<!-- This site is optimized with the Yoast SEO plugin v25.6 - https:\/\/yoast.com\/wordpress\/plugins\/seo\/ -->\n<title>Enquiry Cart &#8226; Promens R\u00f5ngu AS<\/title>\n<meta name=\"robots\" content=\"index, follow, max-snippet:-1, max-image-preview:large, max-video-preview:-1\" \/>\n<link rel=\"canonical\" href=\"https:\/\/www.promens.ee\/en\/enquiry-cart\/\" \/>\n<meta property=\"og:locale\" content=\"en_US\" \/>\n<meta property=\"og:type\" content=\"article\" \/>\n<meta property=\"og:title\" content=\"Enquiry Cart &#8226; Promens R\u00f5ngu AS\" \/>\n<meta property=\"og:url\" content=\"https:\/\/www.promens.ee\/en\/enquiry-cart\/\" \/>\n<meta property=\"og:site_name\" content=\"Promens R\u00f5ngu AS\" \/>\n<meta property=\"article:publisher\" content=\"https:\/\/www.facebook.com\/promens.rongu\" \/>\n<meta property=\"article:modified_time\" content=\"2021-04-19T07:50:55+00:00\" \/>\n<meta name=\"twitter:card\" content=\"summary_large_image\" \/>\n<script type=\"application\/ld+json\" class=\"yoast-schema-graph\">{\"@context\":\"https:\/\/schema.org\",\"@graph\":[{\"@type\":\"WebPage\",\"@id\":\"https:\/\/www.promens.ee\/et\/enquiry-cart\/\",\"url\":\"https:\/\/www.promens.ee\/et\/enquiry-cart\/\",\"name\":\"Enquiry Cart &#8226; Promens R\u00f5ngu AS\",\"isPartOf\":{\"@id\":\"https:\/\/www.promens.ee\/et\/#website\"},\"datePublished\":\"2021-03-26T07:30:10+00:00\",\"dateModified\":\"2021-04-19T07:50:55+00:00\",\"breadcrumb\":{\"@id\":\"https:\/\/www.promens.ee\/et\/enquiry-cart\/#breadcrumb\"},\"inLanguage\":\"en-US\",\"potentialAction\":[{\"@type\":\"ReadAction\",\"target\":[\"https:\/\/www.promens.ee\/et\/enquiry-cart\/\"]}]},{\"@type\":\"BreadcrumbList\",\"@id\":\"https:\/\/www.promens.ee\/et\/enquiry-cart\/#breadcrumb\",\"itemListElement\":[{\"@type\":\"ListItem\",\"position\":1,\"name\":\"Home\",\"item\":\"https:\/\/www.promens.ee\/et\/\"},{\"@type\":\"ListItem\",\"position\":2,\"name\":\"Enquiry Cart\"}]},{\"@type\":\"WebSite\",\"@id\":\"https:\/\/www.promens.ee\/et\/#website\",\"url\":\"https:\/\/www.promens.ee\/et\/\",\"name\":\"Promens AS\",\"description\":\"Eesti \u00fcks suurim plastit\u00f6\u00f6stus\",\"publisher\":{\"@id\":\"https:\/\/www.promens.ee\/et\/#organization\"},\"potentialAction\":[{\"@type\":\"SearchAction\",\"target\":{\"@type\":\"EntryPoint\",\"urlTemplate\":\"https:\/\/www.promens.ee\/et\/?s={search_term_string}\"},\"query-input\":{\"@type\":\"PropertyValueSpecification\",\"valueRequired\":true,\"valueName\":\"search_term_string\"}}],\"inLanguage\":\"en-US\"},{\"@type\":\"Organization\",\"@id\":\"https:\/\/www.promens.ee\/et\/#organization\",\"name\":\"Promens AS\",\"url\":\"https:\/\/www.promens.ee\/et\/\",\"logo\":{\"@type\":\"ImageObject\",\"inLanguage\":\"en-US\",\"@id\":\"https:\/\/www.promens.ee\/et\/#\/schema\/logo\/image\/\",\"url\":\"https:\/\/www.promens.ee\/wp-content\/uploads\/2021\/03\/berry-promens-logo-web.png\",\"contentUrl\":\"https:\/\/www.promens.ee\/wp-content\/uploads\/2021\/03\/berry-promens-logo-web.png\",\"width\":244,\"height\":80,\"caption\":\"Promens AS\"},\"image\":{\"@id\":\"https:\/\/www.promens.ee\/et\/#\/schema\/logo\/image\/\"},\"sameAs\":[\"https:\/\/www.facebook.com\/promens.rongu\",\"https:\/\/ee.linkedin.com\/company\/promens-rongu\"]}]}<\/script>\n<!-- \/ Yoast SEO plugin. -->","yoast_head_json":{"title":"Enquiry Cart &#8226; Promens R\u00f5ngu AS","robots":{"index":"index","follow":"follow","max-snippet":"max-snippet:-1","max-image-preview":"max-image-preview:large","max-video-preview":"max-video-preview:-1"},"canonical":"https:\/\/www.promens.ee\/en\/enquiry-cart\/","og_locale":"en_US","og_type":"article","og_title":"Enquiry Cart &#8226; Promens R\u00f5ngu AS","og_url":"https:\/\/www.promens.ee\/en\/enquiry-cart\/","og_site_name":"Promens R\u00f5ngu AS","article_publisher":"https:\/\/www.facebook.com\/promens.rongu","article_modified_time":"2021-04-19T07:50:55+00:00","twitter_card":"summary_large_image","schema":{"@context":"https:\/\/schema.org","@graph":[{"@type":"WebPage","@id":"https:\/\/www.promens.ee\/et\/enquiry-cart\/","url":"https:\/\/www.promens.ee\/et\/enquiry-cart\/","name":"Enquiry Cart &#8226; Promens R\u00f5ngu AS","isPartOf":{"@id":"https:\/\/www.promens.ee\/et\/#website"},"datePublished":"2021-03-26T07:30:10+00:00","dateModified":"2021-04-19T07:50:55+00:00","breadcrumb":{"@id":"https:\/\/www.promens.ee\/et\/enquiry-cart\/#breadcrumb"},"inLanguage":"en-US","potentialAction":[{"@type":"ReadAction","target":["https:\/\/www.promens.ee\/et\/enquiry-cart\/"]}]},{"@type":"BreadcrumbList","@id":"https:\/\/www.promens.ee\/et\/enquiry-cart\/#breadcrumb","itemListElement":[{"@type":"ListItem","position":1,"name":"Home","item":"https:\/\/www.promens.ee\/et\/"},{"@type":"ListItem","position":2,"name":"Enquiry Cart"}]},{"@type":"WebSite","@id":"https:\/\/www.promens.ee\/et\/#website","url":"https:\/\/www.promens.ee\/et\/","name":"Promens AS","description":"Eesti \u00fcks suurim plastit\u00f6\u00f6stus","publisher":{"@id":"https:\/\/www.promens.ee\/et\/#organization"},"potentialAction":[{"@type":"SearchAction","target":{"@type":"EntryPoint","urlTemplate":"https:\/\/www.promens.ee\/et\/?s={search_term_string}"},"query-input":{"@type":"PropertyValueSpecification","valueRequired":true,"valueName":"search_term_string"}}],"inLanguage":"en-US"},{"@type":"Organization","@id":"https:\/\/www.promens.ee\/et\/#organization","name":"Promens AS","url":"https:\/\/www.promens.ee\/et\/","logo":{"@type":"ImageObject","inLanguage":"en-US","@id":"https:\/\/www.promens.ee\/et\/#\/schema\/logo\/image\/","url":"https:\/\/www.promens.ee\/wp-content\/uploads\/2021\/03\/berry-promens-logo-web.png","contentUrl":"https:\/\/www.promens.ee\/wp-content\/uploads\/2021\/03\/berry-promens-logo-web.png","width":244,"height":80,"caption":"Promens AS"},"image":{"@id":"https:\/\/www.promens.ee\/et\/#\/schema\/logo\/image\/"},"sameAs":["https:\/\/www.facebook.com\/promens.rongu","https:\/\/ee.linkedin.com\/company\/promens-rongu"]}]}},"_links":{"self":[{"href":"https:\/\/www.promens.ee\/en\/wp-json\/wp\/v2\/pages\/452","targetHints":{"allow":["GET"]}}],"collection":[{"href":"https:\/\/www.promens.ee\/en\/wp-json\/wp\/v2\/pages"}],"about":[{"href":"https:\/\/www.promens.ee\/en\/wp-json\/wp\/v2\/types\/page"}],"author":[{"embeddable":true,"href":"https:\/\/www.promens.ee\/en\/wp-json\/wp\/v2\/users\/1"}],"replies":[{"embeddable":true,"href":"https:\/\/www.promens.ee\/en\/wp-json\/wp\/v2\/comments?post=452"}],"version-history":[{"count":0,"href":"https:\/\/www.promens.ee\/en\/wp-json\/wp\/v2\/pages\/452\/revisions"}],"wp:attachment":[{"href":"https:\/\/www.promens.ee\/en\/wp-json\/wp\/v2\/media?parent=452"}],"curies":[{"name":"wp","href":"https:\/\/api.w.org\/{rel}","templated":true}]}}